{"id":8,"date":"2022-06-09T22:47:36","date_gmt":"2022-06-09T20:47:36","guid":{"rendered":"https:\/\/marthomrent.it\/?page_id=8"},"modified":"2024-09-07T23:16:33","modified_gmt":"2024-09-07T21:16:33","slug":"homepage","status":"publish","type":"page","link":"https:\/\/www.marthomrent.it\/","title":{"rendered":"Affidati a chi svolge questo lavoro da oltre 30 anni. Da sempre tanta professionalit\u00e0 e tanta attenzione ai particolari per la migliore soddisfazione del nostro Cliente."},"content":{"rendered":"\n<p>I nostri Clienti sono ESCLUSIVAMENTE SOCIETA&#8217; di capitali. Siamo un&#8217;azienda specializzata nel low cost con vere tariffe a basso costo e senza fronzoli a partire da 15,00 euro al giorno, iva esclusa. Noleggiamo veicoli a medio termine con tariffe speciali da 6 a 18 mesi con formule tariffarie modulabili in base alle esigenze dei Clienti oppure con formule TuttoCompreso, inclusa l&#8217;assistenza stradale 24 ore su 24 in tutta Europa.<br><br>Siamo anche RIVENDITORI USATO SICURO E GARANTITO !<br>Particolare disponibilit\u00e0 di piccoli veicoli commerciali euro 6 diesel come Fiat Fiorino e Panda Van ma anche auto medio grandi come Opel Astra SW, Ford Focus SW e tanto altro.<br><br>Contattandoci nella modalit\u00e0 a te pi\u00f9 comoda un nostro consulente sar\u00e0 disponibile per fornirti le migliori informazioni di cui avrai necessit\u00e0 al fine di presentarti un preventivo estremamente personalizzato ed economico.<br><br>Al termine del noleggio i nostri veicoli vengono venduti a privati ed aziende con km certificati ed history della manutenzione eseguita per la massima trasparenza.<\/p>\n\n\n\n<p><\/p>\n\n\n\n<p><\/p>\n\n\n\n<p><\/p>\n\n\n\n<p><\/p>\n\n\n\n<p>PRINCIPALI SERVIZI E CONDIZIONI<\/p>\n\n\n\n<p><strong>Pagamento: <\/strong>Sono consentiti i pagamenti con le principali carte di credito e con bonifico bancario. <br><strong><br>Carburanti: <\/strong>se il veicolo consegnato ad inizio noleggio con il pieno venisse restituito senza lo stesso, sar\u00e0 addebitata una penale che include il servizio di rifornimento oltre al costo dei litri mancanti.<\/p>\n\n\n\n<p><strong>Viaggi a lasciare: <\/strong>\u00e8 possibile anche per i noleggi a Medio Termine, con un sovraprezzo e previo autorizzazione scritta ad inizio noleggio, riconsegnare il veicolo in un\u2019altra citt\u00e0.<\/p>\n\n\n\n<p><strong>Consegne e riprese: <\/strong>il Cliente potr\u00e0 ottenere la consegna ed il ritiro del veicolo al proprio domicilio con un piccolo supplemento tariffario.<\/p>\n\n\n\n<p><strong>Requisiti minimi: <\/strong>il Cliente per noleggiare deve aver compiuto 25 anni di et\u00e0 ed avere la patente di guida da almeno due anni. Salvo approvazione sono consentiti noleggi a persone con et\u00e0 inferiore a 25 anni o superiore a 75 anni, previo pagamento di un sovraprezzo.<\/p>\n\n\n\n<p><strong>Veicolo sostitutivo: <\/strong>Marthom Rent si riserva a proprio insindacabile giudizio di non concedere un veicolo sostitutivo in caso di furto, incendio, guasto meccanico od incidente, ovvero in presenza di mancato rispetto delle condizioni generali di noleggio da parte del Cliente.<\/p>\n\n\n\n<p><strong>Limitazioni territoriali: <\/strong>non \u00e8 consentito con il veicolo Marthom Rent oltrepassare i confini del territorio Italiano senza autorizzazione preventiva scritta ad inizio noleggio, pena la decadenza di qualsiasi copertura assicurativa e tariffaria, oltre ad incorrere a fermi del veicolo da parte delle Autorit\u00e0 di dogana e di controllo con le conseguenze meglio indicate nelle nostre condizioni generali di noleggio esposte anche nelle filiali Marthom Rent.<\/p>\n\n\n\n<p><strong>Assistenza al Cliente: <\/strong>\u00e8 previsto gratuitamente un servizio di assistenza operativo 24 ore su 24 in tutta Europa.<\/p>\n\n\n\n<p><strong>Estensioni durata noleggio: <\/strong>in caso di prolungamento del noleggio, oltre la data prevista, il Cliente \u00e8 tenuto a richiederne tempestiva autorizzazione, da riceversi in forma scritta dalla filiale Marthom Rent dove \u00e8 iniziato il noleggio, per permettere l\u2019estensione delle coperture assicurative e non incorrere in fermi del veicolo da parte delle Autorit\u00e0.<\/p>\n\n\n\n<p><strong>Rientro del veicolo: <\/strong>per la restituzione del veicolo entro l\u2019orario di scadenza del noleggio viene concessa una tolleranza di due ore, oltre la quale si applica un giorno in pi\u00f9. Un giorno di noleggio \u00e8 pari a 24 ore dal momento dell\u2019inizio del noleggio.<\/p>\n\n\n\n<p><strong>Spese gestione pratica: <\/strong>\u00e8 un supplemento tariffario obbligatorio per ogni noleggio al costo di \u20ac. 2,40 per ogni noleggio o rinnovo mensile.<\/p>\n\n\n\n<p><strong>Accessori a richiesta: <\/strong>non sono inclusi nelle tariffe i seguenti principali accessori richiedibili con un supplemento dal Cliente: secondo autista, baby seat, catene da neve, navigatore portatile.<\/p>\n\n\n\n<p><strong>Multe, autostrade e parcheggi: <\/strong>in rispetto delle normative vigenti e delle condizioni generali sottoscritte dal Cliente, Marthom Rent comunicher\u00e0 alle Autorit\u00e0 competenti i dati personali dell\u2019effettivo trasgressore delle infrazioni al codice della strada o dei mancati pagamenti di parcheggi o pedaggi autostradali.  Il nostro Cliente pagher\u00e0 solo il verbale direttamente alle Autorit\u00e0 Competenti e nulla a noi per la nostra gestione amministrativa del discarico del verbale iniziale. <\/p>\n\n\n\n<p><strong>Tasse: <\/strong>I.V.A. esclusa, da aggiungere sempre sull\u2019imponibile del noleggio.<\/p>\n\n\n\n<p> <\/p>\n\n\n\n<p><\/p>\n","protected":false},"excerpt":{"rendered":"<p>I nostri Clienti sono ESCLUSIVAMENTE SOCIETA&#8217; di capitali. Siamo un&#8217;azienda specializzata nel low cost con vere tariffe a basso costo e senza fronzoli a partire da 15,00 euro al giorno, iva esclusa. Noleggiamo veicoli a medio termine con tariffe speciali da 6 a 18 mesi con formule tariffarie modulabili in base alle esigenze dei Clienti &hellip; <\/p>\n<p class=\"link-more\"><a href=\"https:\/\/www.marthomrent.it\/\" class=\"more-link\">Leggi tutto<span class=\"screen-reader-text\"> &#8220;Affidati a chi svolge questo lavoro da oltre 30 anni. Da sempre tanta professionalit\u00e0 e tanta attenzione ai particolari per la migliore soddisfazione del nostro Cliente.&#8221;<\/span><\/a><\/p>\n","protected":false},"author":1,"featured_media":135,"parent":0,"menu_order":0,"comment_status":"closed","ping_status":"closed","template":"","meta":{"footnotes":""},"class_list":["post-8","page","type-page","status-publish","has-post-thumbnail","hentry"],"_links":{"self":[{"href":"https:\/\/www.marthomrent.it\/index.php?rest_route=\/wp\/v2\/pages\/8","targetHints":{"allow":["GET"]}}],"collection":[{"href":"https:\/\/www.marthomrent.it\/index.php?rest_route=\/wp\/v2\/pages"}],"about":[{"href":"https:\/\/www.marthomrent.it\/index.php?rest_route=\/wp\/v2\/types\/page"}],"author":[{"embeddable":true,"href":"https:\/\/www.marthomrent.it\/index.php?rest_route=\/wp\/v2\/users\/1"}],"replies":[{"embeddable":true,"href":"https:\/\/www.marthomrent.it\/index.php?rest_route=%2Fwp%2Fv2%2Fcomments&post=8"}],"version-history":[{"count":24,"href":"https:\/\/www.marthomrent.it\/index.php?rest_route=\/wp\/v2\/pages\/8\/revisions"}],"predecessor-version":[{"id":146,"href":"https:\/\/www.marthomrent.it\/index.php?rest_route=\/wp\/v2\/pages\/8\/revisions\/146"}],"wp:featuredmedia":[{"embeddable":true,"href":"https:\/\/www.marthomrent.it\/index.php?rest_route=\/wp\/v2\/media\/135"}],"wp:attachment":[{"href":"https:\/\/www.marthomrent.it\/index.php?rest_route=%2Fwp%2Fv2%2Fmedia&parent=8"}],"curies":[{"name":"wp","href":"https:\/\/api.w.org\/{rel}","templated":true}]}}